{"id":351,"date":"2023-09-25T17:25:24","date_gmt":"2023-09-25T15:25:24","guid":{"rendered":"https:\/\/karollenart.sk\/moj-ucet\/"},"modified":"2023-09-25T17:25:24","modified_gmt":"2023-09-25T15:25:24","slug":"moj-ucet","status":"publish","type":"page","link":"http:\/\/karollenart.sk\/en\/moj-ucet\/","title":{"rendered":"M\u00f4j \u00fa\u010det"},"content":{"rendered":"<div class=\"woocommerce\"><\/div>","protected":false},"excerpt":{"rendered":"","protected":false},"author":1,"featured_media":0,"parent":0,"menu_order":0,"comment_status":"closed","ping_status":"closed","template":"","meta":{"_monsterinsights_skip_tracking":false,"_monsterinsights_sitenote_active":false,"_monsterinsights_sitenote_note":"","_monsterinsights_sitenote_category":0,"footnotes":""},"class_list":["post-351","page","type-page","status-publish","hentry"],"yoast_head":"<!-- This site is optimized with the Yoast SEO plugin v27.2 - https:\/\/yoast.com\/product\/yoast-seo-wordpress\/ -->\n<title>M\u00f4j \u00fa\u010det - Karol Lenart - Fotograf<\/title>\n<meta name=\"robots\" content=\"index, follow, max-snippet:-1, max-image-preview:large, max-video-preview:-1\" \/>\n<link rel=\"canonical\" href=\"http:\/\/karollenart.sk\/en\/moj-ucet\/\" \/>\n<meta property=\"og:locale\" content=\"en_GB\" \/>\n<meta property=\"og:type\" content=\"article\" \/>\n<meta property=\"og:title\" content=\"M\u00f4j \u00fa\u010det - Karol Lenart - Fotograf\" \/>\n<meta property=\"og:url\" content=\"http:\/\/karollenart.sk\/en\/moj-ucet\/\" \/>\n<meta property=\"og:site_name\" content=\"Karol Lenart - Fotograf\" \/>\n<meta name=\"twitter:card\" content=\"summary_large_image\" \/>\n<script type=\"application\/ld+json\" class=\"yoast-schema-graph\">{\"@context\":\"https:\/\/schema.org\",\"@graph\":[{\"@type\":\"WebPage\",\"@id\":\"http:\/\/karollenart.sk\/moj-ucet\/\",\"url\":\"http:\/\/karollenart.sk\/moj-ucet\/\",\"name\":\"M\u00f4j \u00fa\u010det - Karol Lenart - Fotograf\",\"isPartOf\":{\"@id\":\"http:\/\/karollenart.sk\/#website\"},\"datePublished\":\"2023-09-25T15:25:24+00:00\",\"breadcrumb\":{\"@id\":\"http:\/\/karollenart.sk\/moj-ucet\/#breadcrumb\"},\"inLanguage\":\"en-GB\",\"potentialAction\":[{\"@type\":\"ReadAction\",\"target\":[\"http:\/\/karollenart.sk\/moj-ucet\/\"]}]},{\"@type\":\"BreadcrumbList\",\"@id\":\"http:\/\/karollenart.sk\/moj-ucet\/#breadcrumb\",\"itemListElement\":[{\"@type\":\"ListItem\",\"position\":1,\"name\":\"Home\",\"item\":\"http:\/\/karollenart.sk\/\"},{\"@type\":\"ListItem\",\"position\":2,\"name\":\"M\u00f4j \u00fa\u010det\"}]},{\"@type\":\"WebSite\",\"@id\":\"http:\/\/karollenart.sk\/#website\",\"url\":\"http:\/\/karollenart.sk\/\",\"name\":\"Karol Lenart - Fotograf\",\"description\":\"\",\"potentialAction\":[{\"@type\":\"SearchAction\",\"target\":{\"@type\":\"EntryPoint\",\"urlTemplate\":\"http:\/\/karollenart.sk\/?s={search_term_string}\"},\"query-input\":{\"@type\":\"PropertyValueSpecification\",\"valueRequired\":true,\"valueName\":\"search_term_string\"}}],\"inLanguage\":\"en-GB\"}]}<\/script>\n<!-- \/ Yoast SEO plugin. -->","yoast_head_json":{"title":"M\u00f4j \u00fa\u010det - Karol Lenart - Fotograf","robots":{"index":"index","follow":"follow","max-snippet":"max-snippet:-1","max-image-preview":"max-image-preview:large","max-video-preview":"max-video-preview:-1"},"canonical":"http:\/\/karollenart.sk\/en\/moj-ucet\/","og_locale":"en_GB","og_type":"article","og_title":"M\u00f4j \u00fa\u010det - Karol Lenart - Fotograf","og_url":"http:\/\/karollenart.sk\/en\/moj-ucet\/","og_site_name":"Karol Lenart - Fotograf","twitter_card":"summary_large_image","schema":{"@context":"https:\/\/schema.org","@graph":[{"@type":"WebPage","@id":"http:\/\/karollenart.sk\/moj-ucet\/","url":"http:\/\/karollenart.sk\/moj-ucet\/","name":"M\u00f4j \u00fa\u010det - Karol Lenart - Fotograf","isPartOf":{"@id":"http:\/\/karollenart.sk\/#website"},"datePublished":"2023-09-25T15:25:24+00:00","breadcrumb":{"@id":"http:\/\/karollenart.sk\/moj-ucet\/#breadcrumb"},"inLanguage":"en-GB","potentialAction":[{"@type":"ReadAction","target":["http:\/\/karollenart.sk\/moj-ucet\/"]}]},{"@type":"BreadcrumbList","@id":"http:\/\/karollenart.sk\/moj-ucet\/#breadcrumb","itemListElement":[{"@type":"ListItem","position":1,"name":"Home","item":"http:\/\/karollenart.sk\/"},{"@type":"ListItem","position":2,"name":"M\u00f4j \u00fa\u010det"}]},{"@type":"WebSite","@id":"http:\/\/karollenart.sk\/#website","url":"http:\/\/karollenart.sk\/","name":"Karol Lenart - Fotograf","description":"","potentialAction":[{"@type":"SearchAction","target":{"@type":"EntryPoint","urlTemplate":"http:\/\/karollenart.sk\/?s={search_term_string}"},"query-input":{"@type":"PropertyValueSpecification","valueRequired":true,"valueName":"search_term_string"}}],"inLanguage":"en-GB"}]}},"_links":{"self":[{"href":"http:\/\/karollenart.sk\/en\/wp-json\/wp\/v2\/pages\/351","targetHints":{"allow":["GET"]}}],"collection":[{"href":"http:\/\/karollenart.sk\/en\/wp-json\/wp\/v2\/pages"}],"about":[{"href":"http:\/\/karollenart.sk\/en\/wp-json\/wp\/v2\/types\/page"}],"author":[{"embeddable":true,"href":"http:\/\/karollenart.sk\/en\/wp-json\/wp\/v2\/users\/1"}],"replies":[{"embeddable":true,"href":"http:\/\/karollenart.sk\/en\/wp-json\/wp\/v2\/comments?post=351"}],"version-history":[{"count":0,"href":"http:\/\/karollenart.sk\/en\/wp-json\/wp\/v2\/pages\/351\/revisions"}],"wp:attachment":[{"href":"http:\/\/karollenart.sk\/en\/wp-json\/wp\/v2\/media?parent=351"}],"curies":[{"name":"wp","href":"https:\/\/api.w.org\/{rel}","templated":true}]}}